{"id":120,"date":"2017-06-07T10:28:26","date_gmt":"2017-06-07T08:28:26","guid":{"rendered":"https:\/\/www.carpo24.de\/?page_id=120"},"modified":"2019-05-02T17:30:03","modified_gmt":"2019-05-02T15:30:03","slug":"firmenkunden","status":"publish","type":"page","link":"https:\/\/www.carpo24.de\/ru\/firmenkunden\/","title":{"rendered":"Firmenkunden"},"content":{"rendered":"<h2>Mietwagen f\u00fcr Firmenkunden<\/h2>\n<h3>Individuelle L\u00f6sungen nach Ihrem Bedarf<\/h3>\n<p>Egal ob nur ein Tag oder langfristige Anmietung, bei uns sind Sie genau richtig. Wir entwerfen f\u00fcr Sie pers\u00f6nliche und individuelle Vertr\u00e4ge.<\/p>\n<p>Wir stellen f\u00fcr Sie Fahrzeuge aller Art zu besten Konditionen zu Verf\u00fcgung.<\/p>\n<p>Carpo24 bringt Sie weiter. Kontaktieren Sie uns und Sie erhalten ein unverbindliches und individuelles Angebot.<\/p>\n<div class=\"clear line-dashed\"><\/div>\n<div style=\"padding: 1em 0;\">\n<p><strong>Telefon:<\/strong> <strong>02361 9906124<\/strong><br \/>\n<strong>E-Mail:<\/strong>\u00a0info@carpo24.de<\/p>\n<\/div>\n<div style=\"padding: 1em 0;\">\n<p><a class=\"button orange_button\" href=\"kontakt\">Kontakt<\/a><\/p>\n<\/div>\n","protected":false},"excerpt":{"rendered":"<p>Mietwagen f\u00fcr Firmenkunden Individuelle L\u00f6sungen nach Ihrem Bedarf Egal ob nur ein Tag oder langfristige Anmietung, bei uns sind Sie genau richtig. Wir entwerfen f\u00fcr Sie pers\u00f6nliche und individuelle Vertr\u00e4ge. Wir stellen f\u00fcr Sie Fahrzeuge aller Art zu besten Konditionen zu Verf\u00fcgung. Carpo24 bringt Sie weiter. Kontaktieren Sie uns und Sie erhalten ein unverbindliches und [&hellip;]<\/p>\n","protected":false},"author":3,"featured_media":0,"parent":0,"menu_order":0,"comment_status":"closed","ping_status":"closed","template":"","meta":{"footnotes":""},"class_list":["post-120","page","type-page","status-publish","hentry"],"translation":{"provider":"WPGlobus","version":"3.0.2","language":"ru","enabled_languages":["de","ru"],"languages":{"de":{"title":true,"content":true,"excerpt":false},"ru":{"title":false,"content":false,"excerpt":false}}},"_links":{"self":[{"href":"https:\/\/www.carpo24.de\/ru\/wp-json\/wp\/v2\/pages\/120","targetHints":{"allow":["GET"]}}],"collection":[{"href":"https:\/\/www.carpo24.de\/ru\/wp-json\/wp\/v2\/pages"}],"about":[{"href":"https:\/\/www.carpo24.de\/ru\/wp-json\/wp\/v2\/types\/page"}],"author":[{"embeddable":true,"href":"https:\/\/www.carpo24.de\/ru\/wp-json\/wp\/v2\/users\/3"}],"replies":[{"embeddable":true,"href":"https:\/\/www.carpo24.de\/ru\/wp-json\/wp\/v2\/comments?post=120"}],"version-history":[{"count":20,"href":"https:\/\/www.carpo24.de\/ru\/wp-json\/wp\/v2\/pages\/120\/revisions"}],"predecessor-version":[{"id":696,"href":"https:\/\/www.carpo24.de\/ru\/wp-json\/wp\/v2\/pages\/120\/revisions\/696"}],"wp:attachment":[{"href":"https:\/\/www.carpo24.de\/ru\/wp-json\/wp\/v2\/media?parent=120"}],"curies":[{"name":"wp","href":"https:\/\/api.w.org\/{rel}","templated":true}]}}