{"id":168,"date":"2017-06-09T16:11:54","date_gmt":"2017-06-09T14:11:54","guid":{"rendered":"https:\/\/www.carpo24.de\/?page_id=168"},"modified":"2019-08-22T15:23:35","modified_gmt":"2019-08-22T13:23:35","slug":"datenschutzerklaerung","status":"publish","type":"page","link":"https:\/\/www.carpo24.de\/ru\/datenschutzerklaerung\/","title":{"rendered":"Datenschutzerkl\u00e4rung"},"content":{"rendered":"<p>Verantwortliche Stelle im Sinne der Datenschutzgesetze, insbesondere der EU-Datenschutzgrundverordnung (DSGVO), ist:<\/p>\n<p>Carpo24<br \/>\nInh. Leo Onuschin<br \/>\nChristine-Englerth-Str. 11<br \/>\n45659 Recklinghausen<br \/>\nDeutschland<\/p>\n<p>Telefon: 02361\/4046638<br \/>\nTelefax: 02361\/4058719<br \/>\nE-Mail: datenschutz@carpo24.de<\/p>\n<h2>Ihre Betroffenenrechte<\/h2>\n<p>Unter den angegebenen Kontaktdaten unseres Datenschutzbeauftragten k\u00f6nnen Sie jederzeit folgende Rechte aus\u00fcben:<\/p>\n<ul>\n<li>Auskunft \u00fcber Ihre bei uns gespeicherten Daten und deren Verarbeitung,<\/li>\n<li>Berichtigung unrichtiger personenbezogener Daten,<\/li>\n<li>L\u00f6schung Ihrer bei uns gespeicherten Daten,<\/li>\n<li>Einschr\u00e4nkung der Datenverarbeitung, sofern wir Ihre Daten aufgrund gesetzlicher Pflichten noch nicht l\u00f6schen d\u00fcrfen,<\/li>\n<li>Widerspruch gegen die Verarbeitung Ihrer Daten bei uns und<\/li>\n<li>Daten\u00fcbertragbarkeit, sofern Sie in die Datenverarbeitung eingewilligt haben oder einen Vertrag mit uns abgeschlossen haben.<\/li>\n<\/ul>\n<p>Sofern Sie uns eine Einwilligung erteilt haben, k\u00f6nnen Sie diese jederzeit mit Wirkung f\u00fcr die Zukunft widerrufen.<\/p>\n<p>Sie k\u00f6nnen sich jederzeit mit einer Beschwerde an die f\u00fcr Sie zust\u00e4ndige Aufsichtsbeh\u00f6rde wenden. Ihre zust\u00e4ndige Aufsichtsbeh\u00f6rde richtet sich nach dem Bundesland Ihres Wohnsitzes, Ihrer Arbeit oder der mutma\u00dflichen Verletzung. Eine Liste der Aufsichtsbeh\u00f6rden (f\u00fcr den nicht\u00f6ffentlichen Bereich) mit Anschrift finden Sie unter: <a href=\"https:\/\/www.bfdi.bund.de\/DE\/Infothek\/Anschriften_Links\/anschriften_links-node.html\" target=\"_blank\" rel=\"noopener noreferrer\">https:\/\/www.bfdi.bund.de\/DE\/Infothek\/Anschriften_Links\/anschriften_links-node.html<\/a>.<\/p>\n<h2>Zwecke der Datenverarbeitung durch die verantwortliche Stelle und Dritte<\/h2>\n<p>Wir verarbeiten Ihre personenbezogenen Daten nur zu den in dieser Datenschutzerkl\u00e4rung genannten Zwecken. Eine \u00dcbermittlung Ihrer pers\u00f6nlichen Daten an Dritte zu anderen als den genannten Zwecken findet nicht statt. Wir geben Ihre pers\u00f6nlichen Daten nur an Dritte weiter, wenn:<\/p>\n<ul>\n<li>Sie Ihre ausdr\u00fcckliche Einwilligung dazu erteilt haben,<\/li>\n<li>die Verarbeitung zur Abwicklung eines Vertrags mit Ihnen erforderlich ist,<\/li>\n<li>die Verarbeitung zur Erf\u00fcllung einer rechtlichen Verpflichtung erforderlich ist,<\/li>\n<li>die Verarbeitung zur Wahrung berechtigter Interessen erforderlich ist und kein Grund zur Annahme besteht, dass Sie ein \u00fcberwiegendes schutzw\u00fcrdiges Interesse an der Nichtweitergabe Ihrer Daten haben.<\/li>\n<\/ul>\n<h2>L\u00f6schung bzw. Sperrung der Daten<\/h2>\n<p>Wir halten uns an die Grunds\u00e4tze der Datenvermeidung und Datensparsamkeit. Wir speichern Ihre personenbezogenen Daten daher nur so lange, wie dies zur Erreichung der hier genannten Zwecke erforderlich ist oder wie es die vom Gesetzgeber vorgesehenen vielf\u00e4ltigen Speicherfristen vorsehen. Nach Fortfall des jeweiligen Zweckes bzw. Ablauf dieser Fristen werden die entsprechenden Daten routinem\u00e4\u00dfig und entsprechend den gesetzlichen Vorschriften gesperrt oder gel\u00f6scht.<\/p>\n<h2>Erfassung allgemeiner Informationen beim Besuch unserer Website<\/h2>\n<p>Wenn Sie auf unsere Website zugreifen, werden automatisch mittels eines Cookies Informationen allgemeiner Natur erfasst. Diese Informationen (Server-Logfiles) beinhalten etwa die Art des Webbrowsers, das verwendete Betriebssystem, den Domainnamen Ihres Internet-Service-Providers und \u00e4hnliches. Hierbei handelt es sich ausschlie\u00dflich um Informationen, welche keine R\u00fcckschl\u00fcsse auf Ihre Person zulassen.<\/p>\n<p>Diese Informationen sind technisch notwendig, um von Ihnen angeforderte Inhalte von Webseiten korrekt auszuliefern und fallen bei Nutzung des Internets zwingend an. Sie werden insbesondere zu folgenden Zwecken verarbeitet:<\/p>\n<ul>\n<li>Sicherstellung eines problemlosen Verbindungsaufbaus der Website,<\/li>\n<li>Sicherstellung einer reibungslosen Nutzung unserer Website,<\/li>\n<li>Auswertung der Systemsicherheit und -stabilit\u00e4t sowie<\/li>\n<li>zu weiteren administrativen Zwecken.<\/li>\n<\/ul>\n<p>Die Verarbeitung Ihrer personenbezogenen Daten basiert auf unserem berechtigten Interesse aus den vorgenannten Zwecken zur Datenerhebung. Wir verwenden Ihre Daten nicht, um R\u00fcckschl\u00fcsse auf Ihre Person zu ziehen. Empf\u00e4nger der Daten sind nur die verantwortliche Stelle und ggf. Auftragsverarbeiter.<\/p>\n<p>Anonyme Informationen dieser Art werden von uns ggfs. statistisch ausgewertet, um unseren Internetauftritt und die dahinterstehende Technik zu optimieren.<\/p>\n<h2>Cookies<\/h2>\n<p>Wie viele andere Webseiten verwenden wir auch so genannte \u201eCookies\u201c. Cookies sind kleine Textdateien, die von einem Websiteserver auf Ihre Festplatte \u00fcbertragen werden. Hierdurch erhalten wir automatisch bestimmte Daten wie z. B. IP-Adresse, verwendeter Browser, Betriebssystem und Ihre Verbindung zum Internet.<\/p>\n<p>Cookies k\u00f6nnen nicht verwendet werden, um Programme zu starten oder Viren auf einen Computer zu \u00fcbertragen. Anhand der in Cookies enthaltenen Informationen k\u00f6nnen wir Ihnen die Navigation erleichtern und die korrekte Anzeige unserer Webseiten erm\u00f6glichen.<\/p>\n<p>In keinem Fall werden die von uns erfassten Daten an Dritte weitergegeben oder ohne Ihre Einwilligung eine Verkn\u00fcpfung mit personenbezogenen Daten hergestellt.<\/p>\n<p>Nat\u00fcrlich k\u00f6nnen Sie unsere Website grunds\u00e4tzlich auch ohne Cookies betrachten. Internet-Browser sind regelm\u00e4\u00dfig so eingestellt, dass sie Cookies akzeptieren. Im Allgemeinen k\u00f6nnen Sie die Verwendung von Cookies jederzeit \u00fcber die Einstellungen Ihres Browsers deaktivieren. Bitte verwenden Sie die Hilfefunktionen Ihres Internetbrowsers, um zu erfahren, wie Sie diese Einstellungen \u00e4ndern k\u00f6nnen. Bitte beachten Sie, dass einzelne Funktionen unserer Website m\u00f6glicherweise nicht funktionieren, wenn Sie die Verwendung von Cookies deaktiviert haben.<\/p>\n<h2>Registrierung auf unserer Webseite<\/h2>\n<p>Bei der Registrierung f\u00fcr die Nutzung unserer personalisierten Leistungen werden einige personenbezogene Daten erhoben, wie Name, Anschrift, Kontakt- und Kommunikationsdaten wie Telefonnummer und E-Mail-Adresse. Sind Sie bei uns registriert, k\u00f6nnen Sie auf Inhalte und Leistungen zugreifen, die wir nur registrierten Nutzern anbieten. Angemeldete Nutzer haben zudem die M\u00f6glichkeit, bei Bedarf die bei Registrierung angegebenen Daten jederzeit zu \u00e4ndern oder zu l\u00f6schen. Selbstverst\u00e4ndlich erteilen wir Ihnen dar\u00fcber hinaus jederzeit Auskunft \u00fcber die von uns \u00fcber Sie gespeicherten personenbezogenen Daten. Gerne berichtigen bzw. l\u00f6schen wir diese auch auf Ihren Wunsch, soweit keine gesetzlichen Aufbewahrungspflichten entgegenstehen. Zur Kontaktaufnahme in diesem Zusammenhang nutzen Sie bitte die am Ende dieser Datenschutzerkl\u00e4rung angegebenen Kontaktdaten.<\/p>\n<h2>SSL-Verschl\u00fcsselung<\/h2>\n<p>Um die Sicherheit Ihrer Daten bei der \u00dcbertragung zu sch\u00fctzen, verwenden wir dem aktuellen Stand der Technik entsprechende Verschl\u00fcsselungsverfahren (z. B. SSL) \u00fcber HTTPS.<\/p>\n<h2>Kommentarfunktion<\/h2>\n<p>Wenn Nutzer Kommentare auf unserer Website hinterlassen, werden neben diesen Angaben auch der Zeitpunkt ihrer Erstellung und der zuvor durch den Websitebesucher gew\u00e4hlte Nutzername gespeichert. Dies dient unserer Sicherheit, da wir f\u00fcr widerrechtliche Inhalte auf unserer Webseite belangt werden k\u00f6nnen, auch wenn diese durch Benutzer erstellt wurden.<\/p>\n<h2>Newsletter<\/h2>\n<p>Auf Grundlage Ihrer ausdr\u00fccklich erteilten Einwilligung, \u00fcbersenden wir Ihnen regelm\u00e4\u00dfig unseren Newsletter bzw. vergleichbare Informationen per E-Mail an Ihre angegebene E-Mail-Adresse.<\/p>\n<p>F\u00fcr den Empfang des Newsletters ist die Angabe Ihrer E-Mail-Adresse ausreichend. Bei der Anmeldung zum Bezug unseres Newsletters werden die von Ihnen angegebenen Daten ausschlie\u00dflich f\u00fcr diesen Zweck verwendet. Abonnenten k\u00f6nnen auch \u00fcber Umst\u00e4nde per E-Mail informiert werden, die f\u00fcr den Dienst oder die Registrierung relevant sind (Beispielsweise \u00c4nderungen des Newsletterangebots oder technische Gegebenheiten).<\/p>\n<p>F\u00fcr eine wirksame Registrierung ben\u00f6tigen wir eine valide E-Mail-Adresse. Um zu \u00fcberpr\u00fcfen, dass eine Anmeldung tats\u00e4chlich durch den Inhaber einer E-Mail-Adresse erfolgt, setzen wir das \u201eDouble-opt-in\u201c-Verfahren ein. Hierzu protokollieren wir die Bestellung des Newsletters, den Versand einer Best\u00e4tigungsmail und den Eingang der hiermit angeforderten Antwort. Weitere Daten werden nicht erhoben. Die Daten werden ausschlie\u00dflich f\u00fcr den Newsletterversand verwendet und nicht an Dritte weitergegeben.<\/p>\n<p>Die Einwilligung zur Speicherung Ihrer pers\u00f6nlichen Daten und ihrer Nutzung f\u00fcr den Newsletterversand k\u00f6nnen Sie jederzeit widerrufen. In jedem Newsletter findet sich dazu ein entsprechender Link. Au\u00dferdem k\u00f6nnen Sie sich jederzeit auch direkt auf dieser Webseite abmelden oder uns Ihren entsprechenden Wunsch \u00fcber die am Ende dieser Datenschutzhinweise angegebene Kontaktm\u00f6glichkeit mitteilen.<\/p>\n<h2>Kontaktformular<\/h2>\n<p>Treten Sie bzgl. Fragen jeglicher Art per E-Mail oder Kontaktformular mit uns in Kontakt, erteilen Sie uns zum Zwecke der Kontaktaufnahme Ihre freiwillige Einwilligung. Hierf\u00fcr ist die Angabe einer validen E-Mail-Adresse erforderlich. Diese dient der Zuordnung der Anfrage und der anschlie\u00dfenden Beantwortung derselben. Die Angabe weiterer Daten ist optional. Die von Ihnen gemachten Angaben werden zum Zwecke der Bearbeitung der Anfrage sowie f\u00fcr m\u00f6gliche Anschlussfragen gespeichert. Nach Erledigung der von Ihnen gestellten Anfrage werden personenbezogene Daten automatisch gel\u00f6scht.<\/p>\n<h2>Verwendung von LiveZilla<\/h2>\n<p>Diese Webseite nutzt einen Live-Chat der Livezilla GmbH. http:\/\/www.livezilla.net\/home\/de. Der Chat verwendet sogenannte \u201eCookies\u201c, Textdateien, die auf Ihrem Computer gespeichert werden und die eine Analyse der Benutzung der Website durch Sie erm\u00f6glichen. Die durch den Cookie erzeugten Informationen \u00fcber Ihre Benutzung dieser Website (einschlie\u00dflich Ihrer IP-Adresse) wird an einen Server von Livezilla \u00fcbertragen und dort gespeichert. Livezilla wird diese Informationen benutzen, um Ihre Nutzung der Website auszuwerten, um Reports \u00fcber die Websiteaktivit\u00e4ten f\u00fcr die Websitebetreiber zusammenzustellen und um weitere mit der Websitenutzung und der Internetnutzung verbundene Dienstleistungen zu erbringen. Auch wird Livezilla diese Informationen gegebenenfalls an Dritte \u00fcbertragen, sofern dies gesetzlich vorgeschrieben oder soweit Dritte diese Daten im Auftrag von Livezilla verarbeiten. Livezilla wird in keinem Fall Ihre IP-Adresse mit anderen Daten in Verbindung bringen. Sie k\u00f6nnen die Installation der Cookies durch eine entsprechende Einstellung Ihrer Browser Software verhindern; wir weisen Sie jedoch darauf hin, dass Sie in diesem Fall gegebenenfalls nicht s\u00e4mtliche Funktionen dieser Website vollumf\u00e4nglich nutzen k\u00f6nnen. Durch die Nutzung dieser Website erkl\u00e4ren Sie sich mit der Bearbeitung der \u00fcber Sie erhobenen Daten durch Livezilla in der zuvor beschriebenen Art und Weise und zu dem zuvor benannten Zweck einverstanden.<\/p>\n<h2>Verwendung von Scriptbibliotheken (Google Webfonts)<\/h2>\n<p>Um unsere Inhalte browser\u00fcbergreifend korrekt und grafisch ansprechend darzustellen, verwenden wir auf dieser Website Scriptbibliotheken und Schriftbibliotheken wie z. B. Google Webfonts (<a href=\"http:\/\/www.google.com\/webfonts\/\" target=\"_blank\" rel=\"noopener noreferrer\">https:\/\/www.google.com\/webfonts\/<\/a>). Google Webfonts werden zur Vermeidung mehrfachen Ladens in den Cache Ihres Browsers \u00fcbertragen. Falls der Browser die Google Webfonts nicht unterst\u00fctzt oder den Zugriff unterbindet, werden Inhalte in einer Standardschrift angezeigt.<\/p>\n<p>Der Aufruf von Scriptbibliotheken oder Schriftbibliotheken l\u00f6st automatisch eine Verbindung zum Betreiber der Bibliothek aus. Dabei ist es theoretisch m\u00f6glich \u2013 aktuell allerdings auch unklar ob und ggf. zu welchen Zwecken \u2013 dass Betreiber entsprechender Bibliotheken Daten erheben.<\/p>\n<p>Die Datenschutzrichtlinie des Bibliothekbetreibers Google finden Sie hier: <a href=\"https:\/\/www.google.com\/policies\/privacy\/\" target=\"_blank\" rel=\"noopener noreferrer\">https:\/\/www.google.com\/policies\/privacy\/<\/a><\/p>\n<h2>Verwendung von Google Maps<\/h2>\n<p>Diese Webseite verwendet Google Maps API, um geographische Informationen visuell darzustellen. Bei der Nutzung von Google Maps werden von Google auch Daten \u00fcber die Nutzung der Kartenfunktionen durch Besucher erhoben, verarbeitet und genutzt. N\u00e4here Informationen \u00fcber die Datenverarbeitung durch Google k\u00f6nnen Sie <a href=\"http:\/\/www.google.com\/privacypolicy.html\" target=\"_blank\" rel=\"noopener noreferrer\">den Google-Datenschutzhinweisen<\/a> entnehmen. Dort k\u00f6nnen Sie im Datenschutzcenter auch Ihre pers\u00f6nlichen Datenschutz-Einstellungen ver\u00e4ndern.<\/p>\n<p>Ausf\u00fchrliche Anleitungen zur Verwaltung der eigenen Daten im Zusammenhang mit Google-Produkten<a href=\"http:\/\/www.dataliberation.org\/\" target=\"_blank\" rel=\"noopener noreferrer\"> finden Sie hier<\/a>.<\/p>\n<h2>Social Plugins<\/h2>\n<p>Auf unseren Webseiten werden Social Plugins der unten aufgef\u00fchrten Anbieter eingesetzt. Die Plugins k\u00f6nnen Sie daran erkennen, dass sie mit dem entsprechenden Logo gekennzeichnet sind.<\/p>\n<p>\u00dcber diese Plugins werden unter Umst\u00e4nden Informationen, zu denen auch personenbezogene Daten geh\u00f6ren k\u00f6nnen, an den Dienstebetreiber gesendet und ggf. von diesem genutzt. Wir verhindern die unbewusste und ungewollte Erfassung und \u00dcbertragung von Daten an den Diensteanbieter durch eine 2-Klick-L\u00f6sung. Um ein gew\u00fcnschtes Social Plugin zu aktivieren, muss dieses erst durch Klick auf den entsprechenden Schalter aktiviert werden. Erst durch diese Aktivierung des Plugins wird auch die Erfassung von Informationen und deren \u00dcbertragung an den Diensteanbieter ausgel\u00f6st. Wir erfassen selbst keine personenbezogenen Daten mittels der Social Plugins oder \u00fcber deren Nutzung.<\/p>\n<p>Wir haben keinen Einfluss darauf, welche Daten ein aktiviertes Plugin erfasst und wie diese durch den Anbieter verwendet werden. Derzeit muss davon ausgegangen werden, dass eine direkte Verbindung zu den Diensten des Anbieters ausgebaut wird sowie mindestens die IP-Adresse und ger\u00e4tebezogene Informationen erfasst und genutzt werden. Ebenfalls besteht die M\u00f6glichkeit, dass die Diensteanbieter versuchen, Cookies auf dem verwendeten Rechner zu speichern. Welche konkreten Daten hierbei erfasst und wie diese genutzt werden, entnehmen Sie bitte den Datenschutzhinweisen des jeweiligen Diensteanbieters. Hinweis: Falls Sie zeitgleich bei Facebook angemeldet sind, kann Facebook Sie als Besucher einer bestimmten Seite identifizieren.<\/p>\n<p>Wir haben auf unserer Website die Social-Media-Buttons folgender Unternehmen eingebunden:<\/p>\n<p>Facebook, Inc.<br \/>\n1 Hacker Way<br \/>\nMenlo Park, CA 94025<br \/>\nUSA<\/p>\n<p>Twitter Headquarters<br \/>\n1355 Market St. Ste. 900<br \/>\nSan Francisco, CA 94103<br \/>\nUSA<\/p>\n<p>Google LLC<br \/>\n1600 Amphitheatre Parkway<br \/>\nMountain View, CA 94043<br \/>\nUSA<\/p>\n<p>XING SE<br \/>\nDammtorstra\u00dfe 30<br \/>\n20354 Hamburg<br \/>\nDeutschland<\/p>\n<p>Pinterest, Inc.<br \/>\n651 Brannan St<br \/>\nSan Francisco, CA 94107<br \/>\nUSA<\/p>\n<p>LinkedIn Ireland Unlimited Company<br \/>\nWilton Place,<br \/>\nDublin 2<br \/>\nIrland<\/p>\n<h2><strong>\u00c4nderung unserer Datenschutzbestimmungen<\/strong><\/h2>\n<p>Wir behalten uns vor, diese Datenschutzerkl\u00e4rung anzupassen, damit sie stets den aktuellen rechtlichen Anforderungen entspricht oder um \u00c4nderungen unserer Leistungen in der Datenschutzerkl\u00e4rung umzusetzen, z.B. bei der Einf\u00fchrung neuer Services. F\u00fcr Ihren erneuten Besuch gilt dann die neue Datenschutzerkl\u00e4rung.<\/p>\n<h2><strong>Fragen an den Datenschutzbeauftragten<\/strong><\/h2>\n<p>Wenn Sie Fragen zum Datenschutz haben, schreiben Sie uns bitte eine E-Mail oder wenden Sie sich direkt an die f\u00fcr den Datenschutz verantwortliche Person in unserer Organisation:<\/p>\n<p>Carpo24<br \/>\nInh. Leo Onuschin<br \/>\nChristine-Englerth-Str. 11<br \/>\n45659 Recklinghausen<br \/>\nDeutschland<\/p>\n<p>Telefon: 02361\/4046638<br \/>\nTelefax: 02361\/4058719<br \/>\nE-Mail: datenschutz@carpo24.de<\/p>\n<p><small><em>Die Datenschutzerkl\u00e4rung wurde mit dem <a href=\"https:\/\/www.activemind.de\/datenschutz\/datenschutzhinweis-generator\/\" target=\"_blank\" rel=\"noopener noreferrer\">Datenschutzerkl\u00e4rungs-Generator der activeMind AG<\/a> erstellt.<\/em><\/small><\/p>\n","protected":false},"excerpt":{"rendered":"<p>Verantwortliche Stelle im Sinne der Datenschutzgesetze, insbesondere der EU-Datenschutzgrundverordnung (DSGVO), ist: Carpo24 Inh. Leo Onuschin Christine-Englerth-Str. 11 45659 Recklinghausen Deutschland Telefon: 02361\/4046638 Telefax: 02361\/4058719 E-Mail: datenschutz@carpo24.de Ihre Betroffenenrechte Unter den angegebenen Kontaktdaten unseres Datenschutzbeauftragten k\u00f6nnen Sie jederzeit folgende Rechte aus\u00fcben: Auskunft \u00fcber Ihre bei uns gespeicherten Daten und deren Verarbeitung, Berichtigung unrichtiger personenbezogener Daten, L\u00f6schung [&hellip;]<\/p>\n","protected":false},"author":1,"featured_media":0,"parent":0,"menu_order":0,"comment_status":"closed","ping_status":"closed","template":"","meta":{"footnotes":""},"class_list":["post-168","page","type-page","status-publish","hentry"],"translation":{"provider":"WPGlobus","version":"3.0.2","language":"ru","enabled_languages":["de","ru"],"languages":{"de":{"title":true,"content":true,"excerpt":false},"ru":{"title":false,"content":false,"excerpt":false}}},"_links":{"self":[{"href":"https:\/\/www.carpo24.de\/ru\/wp-json\/wp\/v2\/pages\/168","targetHints":{"allow":["GET"]}}],"collection":[{"href":"https:\/\/www.carpo24.de\/ru\/wp-json\/wp\/v2\/pages"}],"about":[{"href":"https:\/\/www.carpo24.de\/ru\/wp-json\/wp\/v2\/types\/page"}],"author":[{"embeddable":true,"href":"https:\/\/www.carpo24.de\/ru\/wp-json\/wp\/v2\/users\/1"}],"replies":[{"embeddable":true,"href":"https:\/\/www.carpo24.de\/ru\/wp-json\/wp\/v2\/comments?post=168"}],"version-history":[{"count":9,"href":"https:\/\/www.carpo24.de\/ru\/wp-json\/wp\/v2\/pages\/168\/revisions"}],"predecessor-version":[{"id":699,"href":"https:\/\/www.carpo24.de\/ru\/wp-json\/wp\/v2\/pages\/168\/revisions\/699"}],"wp:attachment":[{"href":"https:\/\/www.carpo24.de\/ru\/wp-json\/wp\/v2\/media?parent=168"}],"curies":[{"name":"wp","href":"https:\/\/api.w.org\/{rel}","templated":true}]}}