{"id":78,"date":"2017-05-26T15:47:50","date_gmt":"2017-05-26T13:47:50","guid":{"rendered":"https:\/\/www.carpo24.de\/home-v-1\/"},"modified":"2017-06-16T16:34:30","modified_gmt":"2017-06-16T14:34:30","slug":"home-v-1","status":"publish","type":"page","link":"https:\/\/www.carpo24.de\/ru\/","title":{"rendered":"Mietwagen g\u00fcnstig\u00a0online\u00a0bei Carpo24"},"content":{"rendered":"<p>Nach Absprache bringen wir Ihnen das Fahrzeug zum gew\u00fcnschten Ort.<\/p>\n<p>Flexibilit\u00e4t und Zuverl\u00e4ssigkeit steht f\u00fcr uns an oberster Stelle. Carpo24 macht Sie mobil und unabh\u00e4ngig. Wir werden alles in unserer Macht stehende tun, um den gew\u00fcnschten <strong>Mietwagen<\/strong> zur vereinbarten <strong>Mietdauer<\/strong> und <strong>Mietort<\/strong> zu organisieren.<\/p>\n","protected":false},"excerpt":{"rendered":"<p>Nach Absprache bringen wir Ihnen das Fahrzeug zum gew\u00fcnschten Ort. Flexibilit\u00e4t und Zuverl\u00e4ssigkeit steht f\u00fcr uns an oberster Stelle. Carpo24 macht Sie mobil und unabh\u00e4ngig. Wir werden alles in unserer Macht stehende tun, um den gew\u00fcnschten Mietwagen zur vereinbarten Mietdauer und Mietort zu organisieren.<\/p>\n","protected":false},"author":1,"featured_media":0,"parent":0,"menu_order":0,"comment_status":"closed","ping_status":"closed","template":"page-homev1.php","meta":{"footnotes":""},"class_list":["post-78","page","type-page","status-publish","hentry"],"translation":{"provider":"WPGlobus","version":"3.0.2","language":"ru","enabled_languages":["de","ru"],"languages":{"de":{"title":true,"content":true,"excerpt":false},"ru":{"title":false,"content":false,"excerpt":false}}},"_links":{"self":[{"href":"https:\/\/www.carpo24.de\/ru\/wp-json\/wp\/v2\/pages\/78","targetHints":{"allow":["GET"]}}],"collection":[{"href":"https:\/\/www.carpo24.de\/ru\/wp-json\/wp\/v2\/pages"}],"about":[{"href":"https:\/\/www.carpo24.de\/ru\/wp-json\/wp\/v2\/types\/page"}],"author":[{"embeddable":true,"href":"https:\/\/www.carpo24.de\/ru\/wp-json\/wp\/v2\/users\/1"}],"replies":[{"embeddable":true,"href":"https:\/\/www.carpo24.de\/ru\/wp-json\/wp\/v2\/comments?post=78"}],"version-history":[{"count":21,"href":"https:\/\/www.carpo24.de\/ru\/wp-json\/wp\/v2\/pages\/78\/revisions"}],"predecessor-version":[{"id":314,"href":"https:\/\/www.carpo24.de\/ru\/wp-json\/wp\/v2\/pages\/78\/revisions\/314"}],"wp:attachment":[{"href":"https:\/\/www.carpo24.de\/ru\/wp-json\/wp\/v2\/media?parent=78"}],"curies":[{"name":"wp","href":"https:\/\/api.w.org\/{rel}","templated":true}]}}